{"id":15,"date":"2025-05-02T18:25:18","date_gmt":"2025-05-02T18:25:18","guid":{"rendered":"https:\/\/www.mckonemestarit.com\/?page_id=15"},"modified":"2025-05-02T22:31:10","modified_gmt":"2025-05-02T19:31:10","slug":"tietoja","status":"publish","type":"page","link":"https:\/\/www.mckonemestarit.com\/index.php\/tietoja\/","title":{"rendered":"Tietoja"},"content":{"rendered":"\n<p>Tekniikan alan opintoja suorittanut, lavasterakennusta aktiivisesti harrastava ja satunnaisesti rahasta niit\u00e4 tekev\u00e4 duunaritason suorittaja. Tykk\u00e4\u00e4 my\u00f6s musiikista ja kuvittelee olevansa joku keytarien JimiHenriks, Hammondien kuningas Jon Lord tai Mike Manginin tasoinen rumpujen takoja&#8230;. Saa \u00e4\u00e4nen melko monesta muustakin soittimesta, vaik ei aina niille tyypillisi\u00e4 \u00e4\u00e4ni\u00e4&#8230;.<\/p>\n\n\n\n<p>Sivuston nimi on muisto Kotkan koulusta. Kun teimme kaikenlaisia &#8221;telakkatarjouksia&#8221; tms. paperit\u00f6it\u00e4, tuli aika moneen laitettua firmaksi McKonemestarit Inc. Se j\u00e4i sit k\u00e4ytt\u00f6\u00f6n my\u00f6s koulun j\u00e4lkeiseen aikaan, joten t\u00e4ss\u00e4 sit\u00e4 nyt ollaan&#8230;..<\/p>\n","protected":false},"excerpt":{"rendered":"<p>Tekniikan alan opintoja suorittanut, lavasterakennusta aktiivisesti harrastava ja satunnaisesti rahasta niit\u00e4 tekev\u00e4 duunaritason suorittaja. Tykk\u00e4\u00e4 my\u00f6s musiikista ja kuvittelee olevansa joku keytarien JimiHenriks, Hammondien kuningas Jon Lord tai Mike Manginin tasoinen rumpujen takoja&#8230;. Saa \u00e4\u00e4nen melko monesta muustakin soittimesta, vaik ei aina niille tyypillisi\u00e4 \u00e4\u00e4ni\u00e4&#8230;. Sivuston nimi on muisto Kotkan koulusta. Kun teimme kaikenlaisia &#8221;telakkatarjouksia&#8221; &hellip; <\/p>\n<p class=\"link-more\"><a href=\"https:\/\/www.mckonemestarit.com\/index.php\/tietoja\/\" class=\"more-link\">Jatka lukemista<span class=\"screen-reader-text\"> &#8221;Tietoja&#8221;<\/span><\/a><\/p>\n","protected":false},"author":1,"featured_media":0,"parent":0,"menu_order":0,"comment_status":"closed","ping_status":"closed","template":"","meta":{"footnotes":""},"class_list":["post-15","page","type-page","status-publish","hentry"],"_links":{"self":[{"href":"https:\/\/www.mckonemestarit.com\/index.php\/wp-json\/wp\/v2\/pages\/15","targetHints":{"allow":["GET"]}}],"collection":[{"href":"https:\/\/www.mckonemestarit.com\/index.php\/wp-json\/wp\/v2\/pages"}],"about":[{"href":"https:\/\/www.mckonemestarit.com\/index.php\/wp-json\/wp\/v2\/types\/page"}],"author":[{"embeddable":true,"href":"https:\/\/www.mckonemestarit.com\/index.php\/wp-json\/wp\/v2\/users\/1"}],"replies":[{"embeddable":true,"href":"https:\/\/www.mckonemestarit.com\/index.php\/wp-json\/wp\/v2\/comments?post=15"}],"version-history":[{"count":3,"href":"https:\/\/www.mckonemestarit.com\/index.php\/wp-json\/wp\/v2\/pages\/15\/revisions"}],"predecessor-version":[{"id":62,"href":"https:\/\/www.mckonemestarit.com\/index.php\/wp-json\/wp\/v2\/pages\/15\/revisions\/62"}],"wp:attachment":[{"href":"https:\/\/www.mckonemestarit.com\/index.php\/wp-json\/wp\/v2\/media?parent=15"}],"curies":[{"name":"wp","href":"https:\/\/api.w.org\/{rel}","templated":true}]}}